{"id":24,"date":"2022-09-16T11:53:12","date_gmt":"2022-09-16T11:53:12","guid":{"rendered":"https:\/\/www.sundsmala.se\/contact\/"},"modified":"2023-01-08T14:58:01","modified_gmt":"2023-01-08T14:58:01","slug":"kontakt","status":"publish","type":"page","link":"https:\/\/www.sundsmala.se\/en\/kontakt\/","title":{"rendered":"Contact"},"content":{"rendered":"<div data-elementor-type=\"wp-page\" data-elementor-id=\"24\" class=\"elementor elementor-24\" data-elementor-post-type=\"page\">\n\t\t\t\t\t\t<section class=\"elementor-section elementor-top-section elementor-element elementor-element-763348b2 elementor-section-full_width elementor-section-height-min-height elementor-section-items-stretch elementor-section-content-top elementor-section-height-default\" data-id=\"763348b2\" data-element_type=\"section\" data-e-type=\"section\">\n\t\t\t\t\t\t<div class=\"elementor-container elementor-column-gap-default\">\n\t\t\t\t\t<div class=\"elementor-column elementor-col-100 elementor-top-column elementor-element elementor-element-600c608b\" data-id=\"600c608b\" data-element_type=\"column\" data-e-type=\"column\">\n\t\t\t<div class=\"elementor-widget-wrap elementor-element-populated\">\n\t\t\t\t\t\t<div class=\"elementor-element elementor-element-7ea53e33 elementor-invisible elementor-widget elementor-widget-heading\" data-id=\"7ea53e33\" data-element_type=\"widget\" data-e-type=\"widget\" data-settings=\"{&quot;_animation&quot;:&quot;fadeIn&quot;}\" data-widget_type=\"heading.default\">\n\t\t\t\t<div class=\"elementor-widget-container\">\n\t\t\t\t\t<h3 class=\"elementor-heading-title elementor-size-default\">We\u2019re here for you<\/h3>\t\t\t\t<\/div>\n\t\t\t\t<\/div>\n\t\t\t\t<div class=\"elementor-element elementor-element-600ca842 elementor-invisible elementor-widget elementor-widget-heading\" data-id=\"600ca842\" data-element_type=\"widget\" data-e-type=\"widget\" data-settings=\"{&quot;_animation&quot;:&quot;fadeIn&quot;,&quot;_animation_delay&quot;:400}\" data-widget_type=\"heading.default\">\n\t\t\t\t<div class=\"elementor-widget-container\">\n\t\t\t\t\t<h1 class=\"elementor-heading-title elementor-size-default\">Contact us<\/h1>\t\t\t\t<\/div>\n\t\t\t\t<\/div>\n\t\t\t\t<div class=\"elementor-element elementor-element-4103e95a elementor-invisible elementor-widget elementor-widget-text-editor\" data-id=\"4103e95a\" data-element_type=\"widget\" data-e-type=\"widget\" data-settings=\"{&quot;_animation&quot;:&quot;fadeIn&quot;,&quot;_animation_delay&quot;:600}\" data-widget_type=\"text-editor.default\">\n\t\t\t\t<div class=\"elementor-widget-container\">\n\t\t\t\t\t\t\t\t\t<p><b>Address<\/b><strong>:<\/strong> Sundsm\u00e5la G\u00e5rd | 585 96 | Link\u00f6ping<\/p>\t\t\t\t\t\t\t\t<\/div>\n\t\t\t\t<\/div>\n\t\t\t\t<div class=\"elementor-element elementor-element-459229a elementor-invisible elementor-widget elementor-widget-text-editor\" data-id=\"459229a\" data-element_type=\"widget\" data-e-type=\"widget\" data-settings=\"{&quot;_animation&quot;:&quot;fadeIn&quot;,&quot;_animation_delay&quot;:600}\" data-widget_type=\"text-editor.default\">\n\t\t\t\t<div class=\"elementor-widget-container\">\n\t\t\t\t\t\t\t\t\t<p><b>E-mail<\/b><strong>:<\/strong> info@sundsmala.se<\/p>\n<p><b>GPS Coordinates<\/b>: 58,23908\u00b0 North, 15,64530\u00b0 East<\/p>\t\t\t\t\t\t\t\t<\/div>\n\t\t\t\t<\/div>\n\t\t\t\t<section class=\"elementor-section elementor-inner-section elementor-element elementor-element-6eb2ca4a elementor-section-boxed elementor-section-height-default elementor-section-height-default\" data-id=\"6eb2ca4a\" data-element_type=\"section\" data-e-type=\"section\">\n\t\t\t\t\t\t<div class=\"elementor-container elementor-column-gap-default\">\n\t\t\t\t\t<div class=\"elementor-column elementor-col-100 elementor-inner-column elementor-element elementor-element-d617051\" data-id=\"d617051\" data-element_type=\"column\" data-e-type=\"column\">\n\t\t\t<div class=\"elementor-widget-wrap elementor-element-populated\">\n\t\t\t\t\t\t<div class=\"elementor-element elementor-element-72ac7371 elementor-button-align-center elementor-widget elementor-widget-form\" data-id=\"72ac7371\" data-element_type=\"widget\" data-e-type=\"widget\" data-settings=\"{&quot;step_next_label&quot;:&quot;N\\u00e4sta&quot;,&quot;step_previous_label&quot;:&quot;F\\u00f6reg\\u00e5ende&quot;,&quot;button_width&quot;:&quot;100&quot;,&quot;step_type&quot;:&quot;number_text&quot;,&quot;step_icon_shape&quot;:&quot;circle&quot;}\" data-widget_type=\"form.default\">\n\t\t\t\t<div class=\"elementor-widget-container\">\n\t\t\t\t\t\t\t<form class=\"elementor-form\" method=\"post\" name=\"New Form\" aria-label=\"New Form\" action=\"\">\n\t\t\t<input type=\"hidden\" name=\"post_id\" value=\"24\"\/>\n\t\t\t<input type=\"hidden\" name=\"form_id\" value=\"72ac7371\"\/>\n\t\t\t<input type=\"hidden\" name=\"referer_title\" value=\"Kontakt - Sundsm\u00e5la g\u00e5rd\" \/>\n\n\t\t\t\t\t\t\t<input type=\"hidden\" name=\"queried_id\" value=\"24\"\/>\n\t\t\t\n\t\t\t<div class=\"elementor-form-fields-wrapper elementor-labels-\">\n\t\t\t\t\t\t\t\t<div class=\"elementor-field-type-text elementor-field-group elementor-column elementor-field-group-field_ae9521e elementor-col-50 elementor-field-required\">\n\t\t\t\t\t\t\t\t\t\t\t\t<label for=\"form-field-field_ae9521e\" class=\"elementor-field-label elementor-screen-only\">\n\t\t\t\t\t\t\t\tFull Name\t\t\t\t\t\t\t<\/label>\n\t\t\t\t\t\t\t\t\t\t\t\t\t\t<input size=\"1\" type=\"text\" name=\"form_fields[field_ae9521e]\" id=\"form-field-field_ae9521e\" class=\"elementor-field elementor-size-sm  elementor-field-textual\" placeholder=\"Full Name\" required=\"required\">\n\t\t\t\t\t\t\t\t\t\t\t<\/div>\n\t\t\t\t\t\t\t\t<div class=\"elementor-field-type-tel elementor-field-group elementor-column elementor-field-group-field_765c17c elementor-col-50 elementor-field-required\">\n\t\t\t\t\t\t\t\t\t\t\t\t<label for=\"form-field-field_765c17c\" class=\"elementor-field-label elementor-screen-only\">\n\t\t\t\t\t\t\t\tPhone number\t\t\t\t\t\t\t<\/label>\n\t\t\t\t\t\t\t\t<input size=\"1\" type=\"tel\" name=\"form_fields[field_765c17c]\" id=\"form-field-field_765c17c\" class=\"elementor-field elementor-size-sm  elementor-field-textual\" placeholder=\"Phone number\" required=\"required\" pattern=\"[0-9()#&amp;+*-=.]+\" title=\"Only numbers and phone characters (#, -, *, etc) are accepted.\" data-no-translation-title=\"\">\n\n\t\t\t\t\t\t<\/div>\n\t\t\t\t\t\t\t\t<div class=\"elementor-field-type-email elementor-field-group elementor-column elementor-field-group-field_28b8845 elementor-col-50 elementor-field-required\">\n\t\t\t\t\t\t\t\t\t\t\t\t<label for=\"form-field-field_28b8845\" class=\"elementor-field-label elementor-screen-only\">\n\t\t\t\t\t\t\t\tE-mail\t\t\t\t\t\t\t<\/label>\n\t\t\t\t\t\t\t\t\t\t\t\t\t\t<input size=\"1\" type=\"email\" name=\"form_fields[field_28b8845]\" id=\"form-field-field_28b8845\" class=\"elementor-field elementor-size-sm  elementor-field-textual\" placeholder=\"E-mail\" required=\"required\">\n\t\t\t\t\t\t\t\t\t\t\t<\/div>\n\t\t\t\t\t\t\t\t<div class=\"elementor-field-type-select elementor-field-group elementor-column elementor-field-group-field_b85ed11 elementor-col-50 elementor-field-required\">\n\t\t\t\t\t\t\t\t\t\t\t\t<label for=\"form-field-field_b85ed11\" class=\"elementor-field-label elementor-screen-only\">\n\t\t\t\t\t\t\t\tHow can we help you?\t\t\t\t\t\t\t<\/label>\n\t\t\t\t\t\t\t\t<div class=\"elementor-field elementor-select-wrapper remove-before\">\n\t\t\t<div class=\"select-caret-down-wrapper\">\n\t\t\t\t<svg aria-hidden=\"true\" class=\"e-font-icon-svg e-eicon-caret-down\" viewbox=\"0 0 571.4 571.4\" xmlns=\"http:\/\/www.w3.org\/2000\/svg\"><path d=\"M571 393Q571 407 561 418L311 668Q300 679 286 679T261 668L11 418Q0 407 0 393T11 368 36 357H536Q550 357 561 368T571 393Z\"><\/path><\/svg>\t\t\t<\/div>\n\t\t\t<select name=\"form_fields[field_b85ed11]\" id=\"form-field-field_b85ed11\" class=\"elementor-field-textual elementor-size-sm\" required=\"required\">\n\t\t\t\t\t\t\t\t\t<option value=\"Bokningsf\u00f6rfr\u00e5gan av rum\">Room Reservation Request<\/option>\n\t\t\t\t\t\t\t\t\t<option value=\"G\u00e5rds\u00e4renden\">General farm errands<\/option>\n\t\t\t\t\t\t\t\t\t<option value=\"F\u00f6rfr\u00e5gan Tillridningsh\u00e4st\">Training Horse Inquiry<\/option>\n\t\t\t\t\t\t\t\t\t<option value=\"Boka Aktivitet\">Book an Activity<\/option>\n\t\t\t\t\t\t\t\t\t<option value=\"Annat\">Other<\/option>\n\t\t\t\t\t\t\t<\/select>\n\t\t<\/div>\n\t\t\t\t\t\t<\/div>\n\t\t\t\t\t\t\t\t<div class=\"elementor-field-type-textarea elementor-field-group elementor-column elementor-field-group-email elementor-col-100 elementor-field-required\">\n\t\t\t\t\t\t\t\t\t\t\t\t<label for=\"form-field-email\" class=\"elementor-field-label elementor-screen-only\">\n\t\t\t\t\t\t\t\tMore Information\t\t\t\t\t\t\t<\/label>\n\t\t\t\t\t\t<textarea class=\"elementor-field-textual elementor-field  elementor-size-sm\" name=\"form_fields[email]\" id=\"form-field-email\" rows=\"2\" placeholder=\"More Information\" required=\"required\"><\/textarea>\t\t\t\t<\/div>\n\t\t\t\t\t\t\t\t<div class=\"elementor-field-type-recaptcha_v3 elementor-field-group elementor-column elementor-field-group-field_1769abc elementor-col-100 recaptcha_v3-inline\">\n\t\t\t\t\t<div class=\"elementor-field\" id=\"form-field-field_1769abc\"><div class=\"elementor-g-recaptcha\" data-sitekey=\"6LdGoFQjAAAAAOtzQQiYk5a8a9drN7MW8Xjon75C\" data-type=\"v3\" data-action=\"Form\" data-badge=\"inline\" data-size=\"invisible\"><\/div><\/div>\t\t\t\t<\/div>\n\t\t\t\t\t\t\t\t<div class=\"elementor-field-group elementor-column elementor-field-type-submit elementor-col-100 e-form__buttons\">\n\t\t\t\t\t<button class=\"elementor-button elementor-size-sm elementor-animation-sink\" type=\"submit\">\n\t\t\t\t\t\t<span class=\"elementor-button-content-wrapper\">\n\t\t\t\t\t\t\t\t\t\t\t\t\t\t\t\t\t\t\t\t\t\t<span class=\"elementor-button-text\">Send<\/span>\n\t\t\t\t\t\t\t\t\t\t\t\t\t<\/span>\n\t\t\t\t\t<\/button>\n\t\t\t\t<\/div>\n\t\t\t<\/div>\n\t\t<input type=\"hidden\" name=\"trp-form-language\" value=\"en\"\/><\/form>\n\t\t\t\t\t\t<\/div>\n\t\t\t\t<\/div>\n\t\t\t\t<div class=\"elementor-element elementor-element-48862b6 elementor-widget elementor-widget-google_maps\" data-id=\"48862b6\" data-element_type=\"widget\" data-e-type=\"widget\" data-widget_type=\"google_maps.default\">\n\t\t\t\t<div class=\"elementor-widget-container\">\n\t\t\t\t\t\t\t<div class=\"elementor-custom-embed\">\n\t\t\t<iframe loading=\"lazy\"\n\t\t\t\t\tsrc=\"https:\/\/maps.google.com\/maps?q=Sundsm%C3%A5la%20g%C3%A5rd&#038;t=m&#038;z=10&#038;output=embed&#038;iwloc=near\"\n\t\t\t\t\ttitle=\"Sundsm\u00e5la g\u00e5rd\"\n\t\t\t\t\taria-label=\"Sundsm\u00e5la g\u00e5rd\"\n\t\t\t><\/iframe>\n\t\t<\/div>\n\t\t\t\t\t\t<\/div>\n\t\t\t\t<\/div>\n\t\t\t\t\t<\/div>\n\t\t<\/div>\n\t\t\t\t\t<\/div>\n\t\t<\/section>\n\t\t\t\t\t<\/div>\n\t\t<\/div>\n\t\t\t\t\t<\/div>\n\t\t<\/section>\n\t\t\t\t<\/div>","protected":false},"excerpt":{"rendered":"<p>Vi finns h\u00e4r f\u00f6r er Kontakta oss Adress: Sundsm\u00e5la G\u00e5rd | 585 96 | Link\u00f6ping Mail: info@sundsmala.se GPS-Koordinater: 58,23908\u00b0 N, 15,64530\u00b0 \u00d6<\/p>","protected":false},"author":1034,"featured_media":0,"parent":0,"menu_order":0,"comment_status":"closed","ping_status":"closed","template":"elementor_header_footer","meta":{"footnotes":""},"class_list":["post-24","page","type-page","status-publish","hentry"],"yoast_head":"<!-- This site is optimized with the Yoast SEO plugin v20.1 - https:\/\/yoast.com\/wordpress\/plugins\/seo\/ -->\n<title>Kontakt - Sundsm\u00e5la g\u00e5rd<\/title>\n<meta name=\"robots\" content=\"index, follow, max-snippet:-1, max-image-preview:large, max-video-preview:-1\" \/>\n<link rel=\"canonical\" href=\"https:\/\/www.sundsmala.se\/en\/kontakt\/\" \/>\n<meta property=\"og:locale\" content=\"en_US\" \/>\n<meta property=\"og:type\" content=\"article\" \/>\n<meta property=\"og:title\" content=\"Kontakt - Sundsm\u00e5la g\u00e5rd\" \/>\n<meta property=\"og:description\" content=\"Vi finns h\u00e4r f\u00f6r er Kontakta oss Adress: Sundsm\u00e5la G\u00e5rd | 585 96 | Link\u00f6ping Mail: info@sundsmala.se GPS-Koordinater: 58,23908\u00b0 N, 15,64530\u00b0 \u00d6\" \/>\n<meta property=\"og:url\" content=\"https:\/\/www.sundsmala.se\/en\/kontakt\/\" \/>\n<meta property=\"og:site_name\" content=\"Sundsm\u00e5la g\u00e5rd\" \/>\n<meta property=\"article:modified_time\" content=\"2023-01-08T14:58:01+00:00\" \/>\n<meta name=\"twitter:card\" content=\"summary_large_image\" \/>\n<script type=\"application\/ld+json\" class=\"yoast-schema-graph\">{\"@context\":\"https:\/\/schema.org\",\"@graph\":[{\"@type\":\"WebPage\",\"@id\":\"https:\/\/www.sundsmala.se\/kontakt\/\",\"url\":\"https:\/\/www.sundsmala.se\/kontakt\/\",\"name\":\"Kontakt - Sundsm\u00e5la g\u00e5rd\",\"isPartOf\":{\"@id\":\"https:\/\/www.sundsmala.se\/#website\"},\"datePublished\":\"2022-09-16T11:53:12+00:00\",\"dateModified\":\"2023-01-08T14:58:01+00:00\",\"breadcrumb\":{\"@id\":\"https:\/\/www.sundsmala.se\/kontakt\/#breadcrumb\"},\"inLanguage\":\"en-US\",\"potentialAction\":[{\"@type\":\"ReadAction\",\"target\":[\"https:\/\/www.sundsmala.se\/kontakt\/\"]}]},{\"@type\":\"BreadcrumbList\",\"@id\":\"https:\/\/www.sundsmala.se\/kontakt\/#breadcrumb\",\"itemListElement\":[{\"@type\":\"ListItem\",\"position\":1,\"name\":\"Home\",\"item\":\"https:\/\/www.sundsmala.se\/\"},{\"@type\":\"ListItem\",\"position\":2,\"name\":\"Kontakt\"}]},{\"@type\":\"WebSite\",\"@id\":\"https:\/\/www.sundsmala.se\/#website\",\"url\":\"https:\/\/www.sundsmala.se\/\",\"name\":\"Sundsm\u00e5la G\u00e5rd\",\"description\":\"\",\"publisher\":{\"@id\":\"https:\/\/www.sundsmala.se\/#organization\"},\"potentialAction\":[{\"@type\":\"SearchAction\",\"target\":{\"@type\":\"EntryPoint\",\"urlTemplate\":\"https:\/\/www.sundsmala.se\/?s={search_term_string}\"},\"query-input\":\"required name=search_term_string\"}],\"inLanguage\":\"en-US\"},{\"@type\":\"Organization\",\"@id\":\"https:\/\/www.sundsmala.se\/#organization\",\"name\":\"Sundsm\u00e5la G\u00e5rd\",\"url\":\"https:\/\/www.sundsmala.se\/\",\"logo\":{\"@type\":\"ImageObject\",\"inLanguage\":\"en-US\",\"@id\":\"https:\/\/www.sundsmala.se\/#\/schema\/logo\/image\/\",\"url\":\"https:\/\/www.sundsmala.se\/wp-content\/uploads\/2022\/09\/Logga-utan-bakgrund-e1671629399211.png\",\"contentUrl\":\"https:\/\/www.sundsmala.se\/wp-content\/uploads\/2022\/09\/Logga-utan-bakgrund-e1671629399211.png\",\"width\":408,\"height\":394,\"caption\":\"Sundsm\u00e5la G\u00e5rd\"},\"image\":{\"@id\":\"https:\/\/www.sundsmala.se\/#\/schema\/logo\/image\/\"},\"sameAs\":[\"https:\/\/www.instagram.com\/jonasrinnesporthorses\/\"]}]}<\/script>\n<!-- \/ Yoast SEO plugin. -->","yoast_head_json":{"title":"Kontakt - Sundsm\u00e5la g\u00e5rd","robots":{"index":"index","follow":"follow","max-snippet":"max-snippet:-1","max-image-preview":"max-image-preview:large","max-video-preview":"max-video-preview:-1"},"canonical":"https:\/\/www.sundsmala.se\/en\/kontakt\/","og_locale":"en_US","og_type":"article","og_title":"Kontakt - Sundsm\u00e5la g\u00e5rd","og_description":"Vi finns h\u00e4r f\u00f6r er Kontakta oss Adress: Sundsm\u00e5la G\u00e5rd | 585 96 | Link\u00f6ping Mail: info@sundsmala.se GPS-Koordinater: 58,23908\u00b0 N, 15,64530\u00b0 \u00d6","og_url":"https:\/\/www.sundsmala.se\/en\/kontakt\/","og_site_name":"Sundsm\u00e5la g\u00e5rd","article_modified_time":"2023-01-08T14:58:01+00:00","twitter_card":"summary_large_image","schema":{"@context":"https:\/\/schema.org","@graph":[{"@type":"WebPage","@id":"https:\/\/www.sundsmala.se\/kontakt\/","url":"https:\/\/www.sundsmala.se\/kontakt\/","name":"Kontakt - Sundsm\u00e5la g\u00e5rd","isPartOf":{"@id":"https:\/\/www.sundsmala.se\/#website"},"datePublished":"2022-09-16T11:53:12+00:00","dateModified":"2023-01-08T14:58:01+00:00","breadcrumb":{"@id":"https:\/\/www.sundsmala.se\/kontakt\/#breadcrumb"},"inLanguage":"en-US","potentialAction":[{"@type":"ReadAction","target":["https:\/\/www.sundsmala.se\/kontakt\/"]}]},{"@type":"BreadcrumbList","@id":"https:\/\/www.sundsmala.se\/kontakt\/#breadcrumb","itemListElement":[{"@type":"ListItem","position":1,"name":"Home","item":"https:\/\/www.sundsmala.se\/"},{"@type":"ListItem","position":2,"name":"Kontakt"}]},{"@type":"WebSite","@id":"https:\/\/www.sundsmala.se\/#website","url":"https:\/\/www.sundsmala.se\/","name":"Sundsm\u00e5la G\u00e5rd","description":"","publisher":{"@id":"https:\/\/www.sundsmala.se\/#organization"},"potentialAction":[{"@type":"SearchAction","target":{"@type":"EntryPoint","urlTemplate":"https:\/\/www.sundsmala.se\/?s={search_term_string}"},"query-input":"required name=search_term_string"}],"inLanguage":"en-US"},{"@type":"Organization","@id":"https:\/\/www.sundsmala.se\/#organization","name":"Sundsm\u00e5la G\u00e5rd","url":"https:\/\/www.sundsmala.se\/","logo":{"@type":"ImageObject","inLanguage":"en-US","@id":"https:\/\/www.sundsmala.se\/#\/schema\/logo\/image\/","url":"https:\/\/www.sundsmala.se\/wp-content\/uploads\/2022\/09\/Logga-utan-bakgrund-e1671629399211.png","contentUrl":"https:\/\/www.sundsmala.se\/wp-content\/uploads\/2022\/09\/Logga-utan-bakgrund-e1671629399211.png","width":408,"height":394,"caption":"Sundsm\u00e5la G\u00e5rd"},"image":{"@id":"https:\/\/www.sundsmala.se\/#\/schema\/logo\/image\/"},"sameAs":["https:\/\/www.instagram.com\/jonasrinnesporthorses\/"]}]}},"_links":{"self":[{"href":"https:\/\/www.sundsmala.se\/en\/wp-json\/wp\/v2\/pages\/24"}],"collection":[{"href":"https:\/\/www.sundsmala.se\/en\/wp-json\/wp\/v2\/pages"}],"about":[{"href":"https:\/\/www.sundsmala.se\/en\/wp-json\/wp\/v2\/types\/page"}],"author":[{"embeddable":true,"href":"https:\/\/www.sundsmala.se\/en\/wp-json\/wp\/v2\/users\/1034"}],"replies":[{"embeddable":true,"href":"https:\/\/www.sundsmala.se\/en\/wp-json\/wp\/v2\/comments?post=24"}],"version-history":[{"count":31,"href":"https:\/\/www.sundsmala.se\/en\/wp-json\/wp\/v2\/pages\/24\/revisions"}],"predecessor-version":[{"id":434,"href":"https:\/\/www.sundsmala.se\/en\/wp-json\/wp\/v2\/pages\/24\/revisions\/434"}],"wp:attachment":[{"href":"https:\/\/www.sundsmala.se\/en\/wp-json\/wp\/v2\/media?parent=24"}],"curies":[{"name":"wp","href":"https:\/\/api.w.org\/{rel}","templated":true}]}}